{"id":4124,"date":"2025-12-15T18:45:20","date_gmt":"2025-12-15T15:45:20","guid":{"rendered":"https:\/\/mobilya.snsmedya.com\/?page_id=4124"},"modified":"2026-03-17T18:14:46","modified_gmt":"2026-03-17T15:14:46","slug":"references","status":"publish","type":"page","link":"https:\/\/aatdbs.com\/en\/references\/","title":{"rendered":"References"},"content":{"rendered":"\t\t<div data-elementor-type=\"wp-page\" data-elementor-id=\"4124\" class=\"elementor elementor-4124\">\n\t\t\t\t<div class=\"elementor-element elementor-element-00f18f7 e-flex e-con-boxed e-con e-parent\" data-id=\"00f18f7\" data-element_type=\"container\">\r\n\t\t\t\t\t<div class=\"e-con-inner\">\r\n\t\t<div class=\"elementor-element elementor-element-9bb877e e-con-full e-flex e-con e-child\" data-id=\"9bb877e\" data-element_type=\"container\">\r\n\t\t\t\t<div class=\"elementor-element elementor-element-ef5a0aa elementor-widget elementor-widget-porto_info_box\" data-id=\"ef5a0aa\" data-element_type=\"widget\" data-widget_type=\"porto_info_box.default\">\n\t\t\t\t<div class=\"elementor-widget-container\">\n\t\t\t\t\t<div class=\"porto-sicon-box style_1 top-icon\"><div class=\"porto-sicon-top\"><div class=\"porto-just-icon-wrapper porto-sicon-img  porto-icon-d751713988987e9331980363e24189ce\" style=\"\"><img decoding=\"async\" class=\"img-icon\" alt=\"\" src=\"https:\/\/aatdbs.com\/en\/wp-content\/uploads\/2025\/12\/LOGO.jpg\" width=\"200\" height=\"100\" \/><\/div><\/div><div class=\"porto-sicon-header\"><h3 class=\"porto-sicon-title\" style=\"\">Firma Ad\u0131<\/h3><\/div> <!-- header --><div class=\"porto-sicon-description\" style=\"\" ><p>Frma A\u00e7\u0131klamas\u0131<\/p><\/div> <!-- description --><\/div><!-- porto-sicon-box -->\t\t\t\t<\/div>\n\t\t\t\t<\/div>\n\t\t\t\t<\/div>\n\t\t<div class=\"elementor-element elementor-element-ba28a84 e-con-full e-flex e-con e-child\" data-id=\"ba28a84\" data-element_type=\"container\">\r\n\t\t\t\t<div class=\"elementor-element elementor-element-25907f2 elementor-widget elementor-widget-porto_info_box\" data-id=\"25907f2\" data-element_type=\"widget\" data-widget_type=\"porto_info_box.default\">\n\t\t\t\t<div class=\"elementor-widget-container\">\n\t\t\t\t\t<div class=\"porto-sicon-box style_1 top-icon\"><div class=\"porto-sicon-top\"><div class=\"porto-just-icon-wrapper porto-sicon-img  porto-icon-d751713988987e9331980363e24189ce\" style=\"\"><img decoding=\"async\" class=\"img-icon\" alt=\"\" src=\"https:\/\/aatdbs.com\/en\/wp-content\/uploads\/2025\/12\/LOGO.jpg\" width=\"200\" height=\"100\" \/><\/div><\/div><div class=\"porto-sicon-header\"><h3 class=\"porto-sicon-title\" style=\"\">Firma Ad\u0131<\/h3><\/div> <!-- header --><div class=\"porto-sicon-description\" style=\"\" ><p>Frma A\u00e7\u0131klamas\u0131<\/p><\/div> <!-- description --><\/div><!-- porto-sicon-box -->\t\t\t\t<\/div>\n\t\t\t\t<\/div>\n\t\t\t\t<\/div>\n\t\t<div class=\"elementor-element elementor-element-9d9be37 e-con-full e-flex e-con e-child\" data-id=\"9d9be37\" data-element_type=\"container\">\r\n\t\t\t\t<div class=\"elementor-element elementor-element-02cbb66 elementor-widget elementor-widget-porto_info_box\" data-id=\"02cbb66\" data-element_type=\"widget\" data-widget_type=\"porto_info_box.default\">\n\t\t\t\t<div class=\"elementor-widget-container\">\n\t\t\t\t\t<div class=\"porto-sicon-box style_1 top-icon\"><div class=\"porto-sicon-top\"><div class=\"porto-just-icon-wrapper porto-sicon-img  porto-icon-d751713988987e9331980363e24189ce\" style=\"\"><img decoding=\"async\" class=\"img-icon\" alt=\"\" src=\"https:\/\/aatdbs.com\/en\/wp-content\/uploads\/2025\/12\/LOGO.jpg\" width=\"200\" height=\"100\" \/><\/div><\/div><div class=\"porto-sicon-header\"><h3 class=\"porto-sicon-title\" style=\"\">Firma Ad\u0131<\/h3><\/div> <!-- header --><div class=\"porto-sicon-description\" style=\"\" ><p>Frma A\u00e7\u0131klamas\u0131<\/p><\/div> <!-- description --><\/div><!-- porto-sicon-box -->\t\t\t\t<\/div>\n\t\t\t\t<\/div>\n\t\t\t\t<\/div>\n\t\t\t\t\t<\/div>\n\t\t\t\t<\/div>\n\t\t<div class=\"elementor-element elementor-element-947d75b e-flex e-con-boxed e-con e-parent\" data-id=\"947d75b\" data-element_type=\"container\">\r\n\t\t\t\t\t<div class=\"e-con-inner\">\r\n\t\t\t\t<div class=\"elementor-element elementor-element-669e44a elementor-widget elementor-widget-spacer\" data-id=\"669e44a\" data-element_type=\"widget\" data-widget_type=\"spacer.default\">\n\t\t\t\t<div class=\"elementor-widget-container\">\n\t\t\t\t\t\t\t<div class=\"elementor-spacer\">\n\t\t\t<div class=\"elementor-spacer-inner\"><\/div>\n\t\t<\/div>\n\t\t\t\t\t\t<\/div>\n\t\t\t\t<\/div>\n\t\t\t\t\t<\/div>\n\t\t\t\t<\/div>\n\t\t<div class=\"elementor-element elementor-element-4cd9c01 e-flex e-con-boxed e-con e-parent\" data-id=\"4cd9c01\" data-element_type=\"container\">\r\n\t\t\t\t\t<div class=\"e-con-inner\">\r\n\t\t<div class=\"elementor-element elementor-element-f1337ba e-con-full e-flex e-con e-child\" data-id=\"f1337ba\" data-element_type=\"container\">\r\n\t\t\t\t<div class=\"elementor-element elementor-element-7330479 elementor-widget elementor-widget-porto_info_box\" data-id=\"7330479\" data-element_type=\"widget\" data-widget_type=\"porto_info_box.default\">\n\t\t\t\t<div class=\"elementor-widget-container\">\n\t\t\t\t\t<div class=\"porto-sicon-box style_1 top-icon\"><div class=\"porto-sicon-top\"><div class=\"porto-just-icon-wrapper porto-sicon-img  porto-icon-d751713988987e9331980363e24189ce\" style=\"\"><img decoding=\"async\" class=\"img-icon\" alt=\"\" src=\"https:\/\/aatdbs.com\/en\/wp-content\/uploads\/2025\/12\/LOGO.jpg\" width=\"200\" height=\"100\" \/><\/div><\/div><div class=\"porto-sicon-header\"><h3 class=\"porto-sicon-title\" style=\"\">Firma Ad\u0131<\/h3><\/div> <!-- header --><div class=\"porto-sicon-description\" style=\"\" ><p>Frma A\u00e7\u0131klamas\u0131<\/p><\/div> <!-- description --><\/div><!-- porto-sicon-box -->\t\t\t\t<\/div>\n\t\t\t\t<\/div>\n\t\t\t\t<\/div>\n\t\t<div class=\"elementor-element elementor-element-14cbff2 e-con-full e-flex e-con e-child\" data-id=\"14cbff2\" data-element_type=\"container\">\r\n\t\t\t\t<div class=\"elementor-element elementor-element-5f2a467 elementor-widget elementor-widget-porto_info_box\" data-id=\"5f2a467\" data-element_type=\"widget\" data-widget_type=\"porto_info_box.default\">\n\t\t\t\t<div class=\"elementor-widget-container\">\n\t\t\t\t\t<div class=\"porto-sicon-box style_1 top-icon\"><div class=\"porto-sicon-top\"><div class=\"porto-just-icon-wrapper porto-sicon-img  porto-icon-d751713988987e9331980363e24189ce\" style=\"\"><img decoding=\"async\" class=\"img-icon\" alt=\"\" src=\"https:\/\/aatdbs.com\/en\/wp-content\/uploads\/2025\/12\/LOGO.jpg\" width=\"200\" height=\"100\" \/><\/div><\/div><div class=\"porto-sicon-header\"><h3 class=\"porto-sicon-title\" style=\"\">Firma Ad\u0131<\/h3><\/div> <!-- header --><div class=\"porto-sicon-description\" style=\"\" ><p>Frma A\u00e7\u0131klamas\u0131<\/p><\/div> <!-- description --><\/div><!-- porto-sicon-box -->\t\t\t\t<\/div>\n\t\t\t\t<\/div>\n\t\t\t\t<\/div>\n\t\t<div class=\"elementor-element elementor-element-8b25758 e-con-full e-flex e-con e-child\" data-id=\"8b25758\" data-element_type=\"container\">\r\n\t\t\t\t<div class=\"elementor-element elementor-element-cea8663 elementor-widget elementor-widget-porto_info_box\" data-id=\"cea8663\" data-element_type=\"widget\" data-widget_type=\"porto_info_box.default\">\n\t\t\t\t<div class=\"elementor-widget-container\">\n\t\t\t\t\t<div class=\"porto-sicon-box style_1 top-icon\"><div class=\"porto-sicon-top\"><div class=\"porto-just-icon-wrapper porto-sicon-img  porto-icon-d751713988987e9331980363e24189ce\" style=\"\"><img decoding=\"async\" class=\"img-icon\" alt=\"\" src=\"https:\/\/aatdbs.com\/en\/wp-content\/uploads\/2025\/12\/LOGO.jpg\" width=\"200\" height=\"100\" \/><\/div><\/div><div class=\"porto-sicon-header\"><h3 class=\"porto-sicon-title\" style=\"\">Firma Ad\u0131<\/h3><\/div> <!-- header --><div class=\"porto-sicon-description\" style=\"\" ><p>Frma A\u00e7\u0131klamas\u0131<\/p><\/div> <!-- description --><\/div><!-- porto-sicon-box -->\t\t\t\t<\/div>\n\t\t\t\t<\/div>\n\t\t\t\t<\/div>\n\t\t\t\t\t<\/div>\n\t\t\t\t<\/div>\n\t\t\t\t<\/div>\n\t\t","protected":false},"excerpt":{"rendered":"<p>Firma Ad\u0131 Frma A\u00e7\u0131klamas\u0131 Firma Ad\u0131 Frma A\u00e7\u0131klamas\u0131 Firma Ad\u0131 Frma A\u00e7\u0131klamas\u0131 Firma Ad\u0131 Frma A\u00e7\u0131klamas\u0131 Firma Ad\u0131 Frma A\u00e7\u0131klamas\u0131 Firma Ad\u0131 Frma A\u00e7\u0131klamas\u0131<\/p>\n","protected":false},"author":1,"featured_media":0,"parent":0,"menu_order":0,"comment_status":"closed","ping_status":"closed","template":"","meta":{"footnotes":""},"class_list":["post-4124","page","type-page","status-publish","hentry"],"_links":{"self":[{"href":"https:\/\/aatdbs.com\/en\/wp-json\/wp\/v2\/pages\/4124","targetHints":{"allow":["GET"]}}],"collection":[{"href":"https:\/\/aatdbs.com\/en\/wp-json\/wp\/v2\/pages"}],"about":[{"href":"https:\/\/aatdbs.com\/en\/wp-json\/wp\/v2\/types\/page"}],"author":[{"embeddable":true,"href":"https:\/\/aatdbs.com\/en\/wp-json\/wp\/v2\/users\/1"}],"replies":[{"embeddable":true,"href":"https:\/\/aatdbs.com\/en\/wp-json\/wp\/v2\/comments?post=4124"}],"version-history":[{"count":16,"href":"https:\/\/aatdbs.com\/en\/wp-json\/wp\/v2\/pages\/4124\/revisions"}],"predecessor-version":[{"id":7238,"href":"https:\/\/aatdbs.com\/en\/wp-json\/wp\/v2\/pages\/4124\/revisions\/7238"}],"wp:attachment":[{"href":"https:\/\/aatdbs.com\/en\/wp-json\/wp\/v2\/media?parent=4124"}],"curies":[{"name":"wp","href":"https:\/\/api.w.org\/{rel}","templated":true}]}}